{"id":17361,"date":"2024-06-06T08:04:25","date_gmt":"2024-06-06T06:04:25","guid":{"rendered":"https:\/\/misefi.com\/?page_id=17361"},"modified":"2024-12-11T04:59:00","modified_gmt":"2024-12-11T03:59:00","slug":"conocenos-misefi","status":"publish","type":"page","link":"https:\/\/misefi.com\/en\/conocenos-misefi\/","title":{"rendered":"GET TO KNOW US MISEFI"},"content":{"rendered":"<div data-elementor-type=\"wp-page\" data-elementor-id=\"17361\" class=\"elementor elementor-17361\" data-elementor-post-type=\"page\">\n\t\t\t\t\t\t<section class=\"wd-negative-gap elementor-section elementor-top-section elementor-element elementor-element-1f89863 elementor-section-content-middle elementor-section-boxed elementor-section-height-default elementor-section-height-default\" data-id=\"1f89863\" data-element_type=\"section\">\n\t\t\t\t\t\t<div class=\"elementor-container elementor-column-gap-default\">\n\t\t\t\t\t<div class=\"elementor-column elementor-col-50 elementor-top-column elementor-element elementor-element-d548d59\" data-id=\"d548d59\" data-element_type=\"column\">\n\t\t\t<div class=\"elementor-widget-wrap elementor-element-populated\">\n\t\t\t\t\t\t<div class=\"elementor-element elementor-element-395e8ba text-larger elementor-widget elementor-widget-wd_text_block\" data-id=\"395e8ba\" data-element_type=\"widget\" data-widget_type=\"wd_text_block.default\">\n\t\t\t\t<div class=\"elementor-widget-container\">\n\t\t\t\t\t<div class=\"wd-text-block reset-last-child text-left\">\n\t\t\t\n\t\t\t<p>CUMPLIMOS 3 D\u00c9CADAS COMO FIRMA CORREDORA DE SEGUROS Y FIANZAS. M\u00c1S DE 90 A\u00d1OS EN LA INDUSTRIA NOS RESPALDAN<\/p>\n\t\t\t\t\t<\/div>\n\t\t\t\t<\/div>\n\t\t\t\t<\/div>\n\t\t\t\t<div class=\"elementor-element elementor-element-2919647 wd-width-100 elementor-widget elementor-widget-wd_title\" data-id=\"2919647\" data-element_type=\"widget\" data-widget_type=\"wd_title.default\">\n\t\t\t\t<div class=\"elementor-widget-container\">\n\t\t\t\t\t<div class=\"title-wrapper wd-set-mb reset-last-child wd-title-color-default wd-title-style-default wd-title-size-default text-left\">\n\n\t\t\t\n\t\t\t<div class=\"liner-continer\">\n\t\t\t\t<h4 class=\"woodmart-title-container title wd-fontsize-l\">The legacy of this company comes from a working line to follow: constant effort and intelligent<\/h4> \n\t\t\t\t\t\t\t<\/div>\n\n\t\t\t\t\t<\/div>\n\t\t\t\t<\/div>\n\t\t\t\t<\/div>\n\t\t\t\t<div class=\"elementor-element elementor-element-f1a8ebc text-larger elementor-widget elementor-widget-wd_text_block\" data-id=\"f1a8ebc\" data-element_type=\"widget\" data-widget_type=\"wd_text_block.default\">\n\t\t\t\t<div class=\"elementor-widget-container\">\n\t\t\t\t\t<div class=\"wd-text-block reset-last-child text-left\">\n\t\t\t\n\t\t\t<blockquote><ul><li>Our country and the world have undergone profound transformations in just 50 years. The way we were educated, social structures, communications, and recently in the wake of the last pandemic, the way in which we value our life, our loved ones, and even the way that we relate to, everything has changed. We can state categorically that the changes are in the present, a constant dizzying.<\/li><\/ul><\/blockquote>\n\t\t\t\t\t<\/div>\n\t\t\t\t<\/div>\n\t\t\t\t<\/div>\n\t\t\t\t<div class=\"elementor-element elementor-element-5f6c932 text-larger elementor-widget elementor-widget-wd_text_block\" data-id=\"5f6c932\" data-element_type=\"widget\" data-widget_type=\"wd_text_block.default\">\n\t\t\t\t<div class=\"elementor-widget-container\">\n\t\t\t\t\t<div class=\"wd-text-block reset-last-child text-left\">\n\t\t\t\n\t\t\t<blockquote><ul><li><p>La industria Aseguradora y Afianzadora tambi\u00e9n han sido protagonistas de estos profundos cambios estructurales. Lo anterior nos obliga a continuar con la versatilidad que desde nuestro origen nos distingue; caminar apoyados en los avances tecnol\u00f3gicos disponibles en el mundo de negocios.\u00a0<\/p><\/li><\/ul><\/blockquote>\n\t\t\t\t\t<\/div>\n\t\t\t\t<\/div>\n\t\t\t\t<\/div>\n\t\t\t\t\t<\/div>\n\t\t<\/div>\n\t\t\t\t<div class=\"elementor-column elementor-col-50 elementor-top-column elementor-element elementor-element-ea57808\" data-id=\"ea57808\" data-element_type=\"column\">\n\t\t\t<div class=\"elementor-widget-wrap elementor-element-populated\">\n\t\t\t\t\t\t<div class=\"elementor-element elementor-element-b1bd3f2 elementor-invisible elementor-widget elementor-widget-wd_image_or_svg\" data-id=\"b1bd3f2\" data-element_type=\"widget\" data-settings=\"{&quot;_animation&quot;:&quot;fadeInRight&quot;}\" data-widget_type=\"wd_image_or_svg.default\">\n\t\t\t\t<div class=\"elementor-widget-container\">\n\t\t\t\n\t\t<div class=\"wd-image text-center\">\n\t\t\t\t\t\t\t\t<img fetchpriority=\"high\" decoding=\"async\" width=\"1920\" height=\"1080\" src=\"https:\/\/misefi.com\/wp-content\/uploads\/2021\/10\/dia-del-agente-de-seguros-002.jpg\" class=\"attachment-full size-full\" alt=\"\" srcset=\"https:\/\/misefi.com\/wp-content\/uploads\/2021\/10\/dia-del-agente-de-seguros-002.jpg 1920w, https:\/\/misefi.com\/wp-content\/uploads\/2021\/10\/dia-del-agente-de-seguros-002-400x225.jpg 400w, https:\/\/misefi.com\/wp-content\/uploads\/2021\/10\/dia-del-agente-de-seguros-002-1300x731.jpg 1300w, https:\/\/misefi.com\/wp-content\/uploads\/2021\/10\/dia-del-agente-de-seguros-002-768x432.jpg 768w, https:\/\/misefi.com\/wp-content\/uploads\/2021\/10\/dia-del-agente-de-seguros-002-1536x864.jpg 1536w, https:\/\/misefi.com\/wp-content\/uploads\/2021\/10\/dia-del-agente-de-seguros-002-18x10.jpg 18w\" sizes=\"(max-width: 1920px) 100vw, 1920px\" \/>\t\t\t\t\t<\/div>\n\n\t\t\t\t<\/div>\n\t\t\t\t<\/div>\n\t\t\t\t<div class=\"elementor-element elementor-element-1479014 elementor-invisible elementor-widget elementor-widget-wd_image_or_svg\" data-id=\"1479014\" data-element_type=\"widget\" data-settings=\"{&quot;_animation&quot;:&quot;fadeInRight&quot;}\" data-widget_type=\"wd_image_or_svg.default\">\n\t\t\t\t<div class=\"elementor-widget-container\">\n\t\t\t\n\t\t<div class=\"wd-image text-center\">\n\t\t\t\t\t\t\t\t<img decoding=\"async\" width=\"1024\" height=\"576\" src=\"https:\/\/misefi.com\/wp-content\/uploads\/2024\/08\/Un-agente-de-seguros-te-ayuda-a-encontrar-la-mejor-opcion-de-acuerdo-a-tus-necesidades.webp\" class=\"attachment-full size-full\" alt=\"\" srcset=\"https:\/\/misefi.com\/wp-content\/uploads\/2024\/08\/Un-agente-de-seguros-te-ayuda-a-encontrar-la-mejor-opcion-de-acuerdo-a-tus-necesidades.webp 1024w, https:\/\/misefi.com\/wp-content\/uploads\/2024\/08\/Un-agente-de-seguros-te-ayuda-a-encontrar-la-mejor-opcion-de-acuerdo-a-tus-necesidades-400x225.webp 400w, https:\/\/misefi.com\/wp-content\/uploads\/2024\/08\/Un-agente-de-seguros-te-ayuda-a-encontrar-la-mejor-opcion-de-acuerdo-a-tus-necesidades-768x432.webp 768w, https:\/\/misefi.com\/wp-content\/uploads\/2024\/08\/Un-agente-de-seguros-te-ayuda-a-encontrar-la-mejor-opcion-de-acuerdo-a-tus-necesidades-18x10.webp 18w\" sizes=\"(max-width: 1024px) 100vw, 1024px\" \/>\t\t\t\t\t<\/div>\n\n\t\t\t\t<\/div>\n\t\t\t\t<\/div>\n\t\t\t\t\t<\/div>\n\t\t<\/div>\n\t\t\t\t\t<\/div>\n\t\t<\/section>\n\t\t\t\t<section class=\"wd-negative-gap elementor-section elementor-top-section elementor-element elementor-element-e8d60dd elementor-section-boxed elementor-section-height-default elementor-section-height-default\" data-id=\"e8d60dd\" data-element_type=\"section\">\n\t\t\t\t\t\t<div class=\"elementor-container elementor-column-gap-default\">\n\t\t\t\t\t<div class=\"elementor-column elementor-col-100 elementor-top-column elementor-element elementor-element-37d00fb\" data-id=\"37d00fb\" data-element_type=\"column\">\n\t\t\t<div class=\"elementor-widget-wrap elementor-element-populated\">\n\t\t\t\t\t\t<section class=\"wd-negative-gap elementor-section elementor-inner-section elementor-element elementor-element-4ae4939 elementor-section-content-middle elementor-section-boxed elementor-section-height-default elementor-section-height-default\" data-id=\"4ae4939\" data-element_type=\"section\">\n\t\t\t\t\t\t<div class=\"elementor-container elementor-column-gap-extended\">\n\t\t\t\t\t<div class=\"elementor-column elementor-col-25 elementor-inner-column elementor-element elementor-element-d97874a\" data-id=\"d97874a\" data-element_type=\"column\">\n\t\t\t<div class=\"elementor-widget-wrap elementor-element-populated\">\n\t\t\t\t\t\t<div class=\"elementor-element elementor-element-84c33e2 animated-fast elementor-invisible elementor-widget elementor-widget-wd_infobox\" data-id=\"84c33e2\" data-element_type=\"widget\" data-settings=\"{&quot;_animation&quot;:&quot;wd-anim-left-flip-y&quot;}\" data-widget_type=\"wd_infobox.default\">\n\t\t\t\t<div class=\"elementor-widget-container\">\n\t\t\t\t\t<div class=\"info-box-wrapper\">\n\t\t\t<div class=\"wd-info-box text-left box-icon-align-top box-style-bg-hover color-scheme-light color-scheme-hover-dark\">\n\t\t\t\t\t\t\t\t\t<div class=\"box-icon-wrapper  box-with-text text-size-small box-icon-simple\">\n\t\t\t\t\t\t<div class=\"info-box-icon\">\n\t\t\t\t\t\t\t\t\t\t\t\t\t\t\tSell Risks\t\t\t\t\t\t\t\t\t\t\t\t\t<\/div>\n\t\t\t\t\t<\/div>\n\t\t\t\t\n\t\t\t\t<div class=\"info-box-content\">\n\t\t\t\t\t\n\t\t\t\t\t\n\t\t\t\t\t<div class=\"info-box-inner reset-last-child\"data-elementor-setting-key=\"content\"><p><img decoding=\"async\" class=\"wp-image-17986 alignleft\" src=\"https:\/\/misefi.com\/wp-content\/uploads\/2024\/08\/bien3.webp\" alt=\"\" width=\"61\" height=\"53\" srcset=\"https:\/\/misefi.com\/wp-content\/uploads\/2024\/08\/bien3.webp 80w, https:\/\/misefi.com\/wp-content\/uploads\/2024\/08\/bien3-14x12.webp 14w\" sizes=\"(max-width: 61px) 100vw, 61px\" \/>The concept began to wedge at the end of the last century, and involves itself teach our client to transfer their risks to a company, whether insurance or surety, for a modest annual amount called a premium.<\/p>\n<p>\u00a0<\/p>\n<\/div>\n\n\t\t\t\t\t\t\t\t\t<\/div>\n\n\t\t\t\t\t\t\t\t\t<a href=\"#\" class=\"wd-info-box-link wd-fill\" aria-label=\"Infobox link\"><\/a>\n\t\t\t\t\t\t\t<\/div>\n\t\t<\/div>\n\t\t\t\t<\/div>\n\t\t\t\t<\/div>\n\t\t\t\t\t<\/div>\n\t\t<\/div>\n\t\t\t\t<div class=\"elementor-column elementor-col-25 elementor-inner-column elementor-element elementor-element-5f86f97\" data-id=\"5f86f97\" data-element_type=\"column\">\n\t\t\t<div class=\"elementor-widget-wrap elementor-element-populated\">\n\t\t\t\t\t\t<div class=\"elementor-element elementor-element-d775d7c animated-fast elementor-invisible elementor-widget elementor-widget-wd_infobox\" data-id=\"d775d7c\" data-element_type=\"widget\" data-settings=\"{&quot;_animation&quot;:&quot;wd-anim-left-flip-y&quot;}\" data-widget_type=\"wd_infobox.default\">\n\t\t\t\t<div class=\"elementor-widget-container\">\n\t\t\t\t\t<div class=\"info-box-wrapper\">\n\t\t\t<div class=\"wd-info-box text-left box-icon-align-top box-style-bg-hover color-scheme-light color-scheme-hover-dark\">\n\t\t\t\t\t\t\t\t\t<div class=\"box-icon-wrapper  box-with-text text-size-small box-icon-simple\">\n\t\t\t\t\t\t<div class=\"info-box-icon\">\n\t\t\t\t\t\t\t\t\t\t\t\t\t\t\tAlternative Solutions\t\t\t\t\t\t\t\t\t\t\t\t\t<\/div>\n\t\t\t\t\t<\/div>\n\t\t\t\t\n\t\t\t\t<div class=\"info-box-content\">\n\t\t\t\t\t\n\t\t\t\t\t\n\t\t\t\t\t<div class=\"info-box-inner reset-last-child\"data-elementor-setting-key=\"content\"><p><img decoding=\"async\" class=\"wp-image-17986 alignleft\" src=\"https:\/\/misefi.com\/wp-content\/uploads\/2024\/08\/bien3.webp\" alt=\"\" width=\"61\" height=\"53\" srcset=\"https:\/\/misefi.com\/wp-content\/uploads\/2024\/08\/bien3.webp 80w, https:\/\/misefi.com\/wp-content\/uploads\/2024\/08\/bien3-14x12.webp 14w\" sizes=\"(max-width: 61px) 100vw, 61px\" \/>The companies belonging to the Financial Sector, we must recognize and find the great added value that provide Services Companies, which contribute to give direct solutions to the needs of the client.<\/p>\n<p>\u00a0<\/p>\n<\/div>\n\n\t\t\t\t\t\t\t\t\t<\/div>\n\n\t\t\t\t\t\t\t\t\t<a href=\"#\" class=\"wd-info-box-link wd-fill\" aria-label=\"Infobox link\"><\/a>\n\t\t\t\t\t\t\t<\/div>\n\t\t<\/div>\n\t\t\t\t<\/div>\n\t\t\t\t<\/div>\n\t\t\t\t\t<\/div>\n\t\t<\/div>\n\t\t\t\t<div class=\"elementor-column elementor-col-25 elementor-inner-column elementor-element elementor-element-6d22d5a\" data-id=\"6d22d5a\" data-element_type=\"column\">\n\t\t\t<div class=\"elementor-widget-wrap elementor-element-populated\">\n\t\t\t\t\t\t<div class=\"elementor-element elementor-element-70ab6ee animated-fast elementor-invisible elementor-widget elementor-widget-wd_infobox\" data-id=\"70ab6ee\" data-element_type=\"widget\" data-settings=\"{&quot;_animation&quot;:&quot;wd-anim-left-flip-y&quot;}\" data-widget_type=\"wd_infobox.default\">\n\t\t\t\t<div class=\"elementor-widget-container\">\n\t\t\t\t\t<div class=\"info-box-wrapper\">\n\t\t\t<div class=\"wd-info-box text-left box-icon-align-top box-style-bg-hover color-scheme-light color-scheme-hover-dark\">\n\t\t\t\t\t\t\t\t\t<div class=\"box-icon-wrapper  box-with-text text-size-small box-icon-simple\">\n\t\t\t\t\t\t<div class=\"info-box-icon\">\n\t\t\t\t\t\t\t\t\t\t\t\t\t\t\tCorresponding to the Client\t\t\t\t\t\t\t\t\t\t\t\t\t<\/div>\n\t\t\t\t\t<\/div>\n\t\t\t\t\n\t\t\t\t<div class=\"info-box-content\">\n\t\t\t\t\t\n\t\t\t\t\t\n\t\t\t\t\t<div class=\"info-box-inner reset-last-child\"data-elementor-setting-key=\"content\"><p><img decoding=\"async\" class=\"wp-image-17986 alignleft\" src=\"https:\/\/misefi.com\/wp-content\/uploads\/2024\/08\/bien3.webp\" alt=\"\" width=\"61\" height=\"53\" srcset=\"https:\/\/misefi.com\/wp-content\/uploads\/2024\/08\/bien3.webp 80w, https:\/\/misefi.com\/wp-content\/uploads\/2024\/08\/bien3-14x12.webp 14w\" sizes=\"(max-width: 61px) 100vw, 61px\" \/>Create a portfolio of clients is a constant work of years. Today more than ever it is important to provide added value to our service. For this reason, we strive in creating permanent content, and schemas win-win.<\/p>\n<\/div>\n\n\t\t\t\t\t\t\t\t\t<\/div>\n\n\t\t\t\t\t\t\t\t\t<a href=\"#\" class=\"wd-info-box-link wd-fill\" aria-label=\"Infobox link\"><\/a>\n\t\t\t\t\t\t\t<\/div>\n\t\t<\/div>\n\t\t\t\t<\/div>\n\t\t\t\t<\/div>\n\t\t\t\t\t<\/div>\n\t\t<\/div>\n\t\t\t\t<div class=\"elementor-column elementor-col-25 elementor-inner-column elementor-element elementor-element-f3af56a\" data-id=\"f3af56a\" data-element_type=\"column\">\n\t\t\t<div class=\"elementor-widget-wrap elementor-element-populated\">\n\t\t\t\t\t\t<div class=\"elementor-element elementor-element-6574ce8 animated-fast elementor-invisible elementor-widget elementor-widget-wd_infobox\" data-id=\"6574ce8\" data-element_type=\"widget\" data-settings=\"{&quot;_animation&quot;:&quot;wd-anim-left-flip-y&quot;}\" data-widget_type=\"wd_infobox.default\">\n\t\t\t\t<div class=\"elementor-widget-container\">\n\t\t\t\t\t<div class=\"info-box-wrapper\">\n\t\t\t<div class=\"wd-info-box text-left box-icon-align-top box-style-bg-hover color-scheme-light color-scheme-hover-dark\">\n\t\t\t\t\t\t\t\t\t<div class=\"box-icon-wrapper  box-with-text text-size-small box-icon-simple\">\n\t\t\t\t\t\t<div class=\"info-box-icon\">\n\t\t\t\t\t\t\t\t\t\t\t\t\t\t\tDigitizing Services\t\t\t\t\t\t\t\t\t\t\t\t\t<\/div>\n\t\t\t\t\t<\/div>\n\t\t\t\t\n\t\t\t\t<div class=\"info-box-content\">\n\t\t\t\t\t\n\t\t\t\t\t\n\t\t\t\t\t<div class=\"info-box-inner reset-last-child\"data-elementor-setting-key=\"content\"><p><img decoding=\"async\" class=\"wp-image-17986 alignleft\" src=\"https:\/\/misefi.com\/wp-content\/uploads\/2024\/08\/bien3.webp\" alt=\"\" width=\"61\" height=\"53\" srcset=\"https:\/\/misefi.com\/wp-content\/uploads\/2024\/08\/bien3.webp 80w, https:\/\/misefi.com\/wp-content\/uploads\/2024\/08\/bien3-14x12.webp 14w\" sizes=\"(max-width: 61px) 100vw, 61px\" \/>What is not transformed and adapted, it dies. The congruence between what we feel, think, say and do, it forces us to be a company with shares that are present that lead to a vision of the future. There is No going back.<\/p>\n<\/div>\n\n\t\t\t\t\t\t\t\t\t<\/div>\n\n\t\t\t\t\t\t\t\t\t<a href=\"#\" class=\"wd-info-box-link wd-fill\" aria-label=\"Infobox link\"><\/a>\n\t\t\t\t\t\t\t<\/div>\n\t\t<\/div>\n\t\t\t\t<\/div>\n\t\t\t\t<\/div>\n\t\t\t\t\t<\/div>\n\t\t<\/div>\n\t\t\t\t\t<\/div>\n\t\t<\/section>\n\t\t\t\t\t<\/div>\n\t\t<\/div>\n\t\t\t\t\t<\/div>\n\t\t<\/section>\n\t\t\t\t<\/div>","protected":false},"excerpt":{"rendered":"<p>CUMPLIMOS 3 D\u00c9CADAS COMO FIRMA CORREDORA DE SEGUROS Y FIANZAS. M\u00c1S DE 90 A\u00d1OS EN LA INDUSTRIA NOS RESPALDAN El<\/p>","protected":false},"author":1,"featured_media":17905,"parent":0,"menu_order":0,"comment_status":"closed","ping_status":"closed","template":"","meta":{"footnotes":""},"class_list":["post-17361","page","type-page","status-publish","has-post-thumbnail","hentry"],"_links":{"self":[{"href":"https:\/\/misefi.com\/en\/wp-json\/wp\/v2\/pages\/17361","targetHints":{"allow":["GET"]}}],"collection":[{"href":"https:\/\/misefi.com\/en\/wp-json\/wp\/v2\/pages"}],"about":[{"href":"https:\/\/misefi.com\/en\/wp-json\/wp\/v2\/types\/page"}],"author":[{"embeddable":true,"href":"https:\/\/misefi.com\/en\/wp-json\/wp\/v2\/users\/1"}],"replies":[{"embeddable":true,"href":"https:\/\/misefi.com\/en\/wp-json\/wp\/v2\/comments?post=17361"}],"version-history":[{"count":49,"href":"https:\/\/misefi.com\/en\/wp-json\/wp\/v2\/pages\/17361\/revisions"}],"predecessor-version":[{"id":18294,"href":"https:\/\/misefi.com\/en\/wp-json\/wp\/v2\/pages\/17361\/revisions\/18294"}],"wp:featuredmedia":[{"embeddable":true,"href":"https:\/\/misefi.com\/en\/wp-json\/wp\/v2\/media\/17905"}],"wp:attachment":[{"href":"https:\/\/misefi.com\/en\/wp-json\/wp\/v2\/media?parent=17361"}],"curies":[{"name":"wp","href":"https:\/\/api.w.org\/{rel}","templated":true}]}}